{"id":41,"date":"2024-09-12T10:09:32","date_gmt":"2024-09-12T10:09:32","guid":{"rendered":"https:\/\/sept.hostlin.com\/newwp\/drivemaster\/?page_id=41"},"modified":"2025-09-08T07:25:59","modified_gmt":"2025-09-08T07:25:59","slug":"mentions-legales","status":"publish","type":"page","link":"https:\/\/autogfgmbh.com\/pt\/mentions-legales\/","title":{"rendered":"Informa\u00e7\u00e3o jur\u00eddica"},"content":{"rendered":"<div data-elementor-type=\"wp-page\" data-elementor-id=\"41\" class=\"elementor elementor-41\">\n\t\t\t\t<div class=\"elementor-element elementor-element-bda1a71 e-con-full e-flex e-con e-parent\" data-id=\"bda1a71\" data-element_type=\"container\">\n\t\t\t\t<div class=\"elementor-element elementor-element-d513dc9 elementor-widget elementor-widget-drivemaster_faq_tab\" data-id=\"d513dc9\" data-element_type=\"widget\" data-widget_type=\"drivemaster_faq_tab.default\">\n\t\t\t\t<div class=\"elementor-widget-container\">\n\t\t\t\t\t    \n\n\t<!--Start Faq Page One-->\n\t<section class=\"faq-page-one\">\n\t\t<div class=\"container\">\n\t\t\t<div class=\"faq-page-one__tab\">\n\t\t\t\t<div class=\"row\">\n\n\t\t\t\t\t<div class=\"col-xl-3\">\n\t\t\t\t\t\t<div class=\"faq-page-one__content\">\n\t\t\t\t\t\t\t<div class=\"faq-page-one__tab-btn\">\n\t\t\t\t\t\t\t\t<ul class=\"tabs-button-box clearfix\">\n\t\t\t\t\t\t\t\t\t\t\t\t\t\t\t\t\t\t<li data-tab=\"#general_1\" class=\"tab-btn-item active-btn-item\">\n\t\t\t\t\t\t\t\t\t\t<div class=\"title\">\n\t\t\t\t\t\t\t\t\t\t\t<p>Informa\u00e7\u00e3o jur\u00eddica<\/p>\n\t\t\t\t\t\t\t\t\t\t\t<div class=\"icon\">\n\t\t\t\t\t\t\t\t\t\t\t\t<i class=\"icon-next\"><\/i>\n\t\t\t\t\t\t\t\t\t\t\t<\/div>\n\t\t\t\t\t\t\t\t\t\t<\/div>\n\t\t\t\t\t\t\t\t\t<\/li>\n\t\t\t\t\t\t\t\t\t\t\t\t\t\t\t\t\t<\/ul>\n\t\t\t\t\t\t\t<\/div>\n\t\t\t\t\t\t\t<div class=\"question-box\">\n\t\t\t\t\t\t\t\t<div class=\"icon\">\n\t\t\t\t\t\t\t\t\t\t\t\t\t\t\t\t\t\t\t<svg xmlns=\"http:\/\/www.w3.org\/2000\/svg\" width=\"50\" height=\"50\" viewbox=\"0 0 50 50\" fill=\"none\"><g clip-path=\"url(#clip0_23_307)\"><path d=\"M17.125 19.3256C17.0174 19.7719 17.1634 20.2413 17.5052 20.5478C17.7145 20.6957 17.9337 20.8292 18.1609 20.9475V18.0017C17.6248 18.2532 17.2402 18.7448 17.125 19.3256Z\" fill=\"#04BF61\"><\/path><path d=\"M20.5912 24.4648L20.542 24.4482V28.7297C21.4014 28.3954 22.0269 27.6406 22.196 26.7342C22.3688 25.6668 21.6551 24.6576 20.5912 24.4648Z\" fill=\"#04BF61\"><\/path><path d=\"M19.4444 11.1104C12.6505 11.1104 7.14282 16.618 7.14282 23.4119C7.14282 30.2059 12.6505 35.7135 19.4444 35.7135C26.2384 35.7135 31.746 30.2059 31.746 23.4119C31.7384 16.6212 26.2353 11.118 19.4444 11.1104ZM24.5485 27.102C24.1857 29.1671 22.5964 30.7998 20.5418 31.2182V32.1422C20.5418 32.7996 20.0088 33.3327 19.3514 33.3327C18.6939 33.3327 18.1609 32.7996 18.1609 32.1422V31.3194C16.9813 31.2492 15.8417 30.8663 14.8592 30.21C14.297 29.8692 14.1173 29.1372 14.4581 28.575C14.7989 28.0128 15.5308 27.8332 16.093 28.1739C16.7063 28.5988 17.4182 28.8595 18.1609 28.9312V23.5767C17.4359 23.2892 16.7463 22.9193 16.1058 22.4741C15.0119 21.6396 14.4964 20.2495 14.7816 18.9035C15.0877 17.1736 16.4339 15.8146 18.1608 15.4922V14.6818C18.1608 14.0243 18.6938 13.4913 19.3513 13.4913C20.0087 13.4913 20.5417 14.0243 20.5417 14.6818V15.4093C21.4853 15.5545 22.377 15.9354 23.1343 16.5167C23.6322 16.9461 23.6878 17.6979 23.2583 18.1957C22.8351 18.6864 22.097 18.7484 21.5978 18.3354C21.2786 18.1087 20.9207 17.942 20.5417 17.8436V21.9359C20.8068 22.0277 21.072 22.1174 21.3319 22.2024C23.5074 22.7616 24.9005 24.8837 24.5485 27.102Z\" fill=\"#04BF61\"><\/path><path d=\"M47.2222 17.4598H38.8889V1.19031C38.8876 0.532275 38.353 -0.000165475 37.6949 0.00122341C37.3718 0.00191786 37.0629 0.133664 36.8389 0.366501L31.6112 5.81928L26.3827 0.366402C25.9056 -0.101951 25.1411 -0.101852 24.6641 0.366799L19.4403 5.81878L14.2145 0.366402C13.7371 -0.101951 12.9726 -0.101852 12.4954 0.366799L7.27192 5.81839L2.0504 0.366799C1.59425 -0.107507 0.839881 -0.122189 0.365575 0.333962C0.132639 0.558069 0.000694444 0.867096 0 1.19031V43.2528C0.00416667 46.9768 3.02202 49.9946 6.74603 49.9986H43.254C46.9779 49.9944 49.9956 46.9767 50 43.2528V20.2374C49.9981 18.7041 48.7556 17.4616 47.2222 17.4598ZM2.38095 43.2528V4.154L6.412 8.36283C6.86706 8.83763 7.62083 8.8537 8.09563 8.39864C8.10784 8.38694 8.11974 8.37503 8.13145 8.36283L13.3549 2.91085L18.5807 8.36323C19.058 8.83158 19.8225 8.83148 20.2997 8.36283L25.5239 2.91085L30.7516 8.36323C31.229 8.83138 31.9933 8.83138 32.4706 8.36323L36.5079 4.15212V43.2528C36.5075 44.8535 37.0793 46.4016 38.1199 47.6178H6.74603C4.33641 47.6151 2.38373 45.6624 2.38095 43.2528ZM47.619 43.2528C47.619 45.6636 45.6648 47.6179 43.254 47.6179C40.8432 47.6179 38.8889 45.6636 38.8889 43.2528V19.8406H47.2222C47.4413 19.8409 47.6188 20.0184 47.619 20.2374V43.2528Z\" fill=\"black\"><\/path><path d=\"M32.1428 38.0945H6.74602C6.08858 38.0945 5.55554 38.6275 5.55554 39.285C5.55554 39.9424 6.08858 40.4754 6.74602 40.4754H32.1428C32.8003 40.4754 33.3333 39.9424 33.3333 39.285C33.3333 38.6275 32.8003 38.0945 32.1428 38.0945Z\" fill=\"black\"><\/path><path d=\"M32.1428 42.8564H6.74602C6.08858 42.8564 5.55554 43.3895 5.55554 44.0469C5.55554 44.7044 6.08858 45.2374 6.74602 45.2374H32.1428C32.8003 45.2374 33.3333 44.7044 33.3333 44.0469C33.3333 43.3895 32.8003 42.8564 32.1428 42.8564Z\" fill=\"black\"><\/path><\/g><defs><clippath id=\"clip0_23_307\"><rect width=\"50\" height=\"50\" fill=\"white\"><\/rect><\/clippath><\/defs><\/svg>\t\t\t\t\t\t\t\t\t\t\t\t\t\t\t\t\t<\/div>\n\t\t\t\t\t\t\t\t\t\t\t\t\t\t\t\t<div class=\"title\">\n\t\t\t\t\t\t\t\t\t<h5>Tem uma pergunta em <br>cabe\u00e7a?<\/h5>\t\t\t\t\t\t\t\t\t<p><a href=\"mailto:automobileexportaucasion@mail.com\">automobileexportaucasion@mail.com<\/a><\/p>\t\t\t\t\t\t\t\t<\/div>\n\t\t\t\t\t\t\t\t\t\t\t\t\t\t\t<\/div>\n\t\t\t\t\t\t<\/div>\n\t\t\t\t\t<\/div>\n\n\t\t\t\t\t<div class=\"col-xl-9\">\n\t\t\t\t\t\t<div class=\"tabs-content-box\">\n\t\t\t\t\t\t\t \t\t\t\t\t\t\t<!--Start Tab-->\n\t\t\t\t\t\t\t<div class=\"tab-content-box-item tab-content-box-item-active\" id=\"general_1\">\n\t\t\t\t\t\t\t\t<div class=\"faq-page-one__content-tab-item\">\n\t\t\t\t\t\t\t\t\t<div class=\"faq-style1__content faq-style1__content--style2\">\n\t\t\t\t\t\t\t\t\t\t<ul class=\"accordion-box-style1\">\n\t\t\t\t\t\t\t\t\t\t\t\t\t\t\t\n\t\t\t\t\t\t\t\t\t\t\t<!--Start single accordion box-->\n\t\t\t\t\t\t\t\t\t\t\t<li class=\"accordion accordion-block\">\n\t\t\t\t\t\t\t\t\t\t\t\t<div class=\"accord-btn active\">\n\t\t\t\t\t\t\t\t\t\t\t\t\t<h4>Editor do s\u00edtio<\/h4>\n\t\t\t\t\t\t\t\t\t\t\t\t<\/div>\n\t\t\t\t\t\t\t\t\t\t\t\t<div class=\"accord-content collapsed\">\n\t\t\t\t\t\t\t\t\t\t\t\t\t<div class=\"text\">\n\t\t\t\t\t\t\t\t\t\t\t\t\t\t<p>GF Autom\u00f3vel GmBH<\/p>\n\t\t\t\t\t\t\t\t\t\t\t\t\t<\/div>\n\t\t\t\t\t\t\t\t\t\t\t\t<\/div>\n\t\t\t\t\t\t\t\t\t\t\t<\/li>\n\t\t\t\t\t\t\t\t\t\t\t<!--End single accordion box-->\n\t\t\t\t\t\t\t\t\t\t\t\t\t\t\t\n\t\t\t\t\t\t\t\t\t\t\t<!--Start single accordion box-->\n\t\t\t\t\t\t\t\t\t\t\t<li class=\"accordion accordion-block\">\n\t\t\t\t\t\t\t\t\t\t\t\t<div class=\"accord-btn\">\n\t\t\t\t\t\t\t\t\t\t\t\t\t<h4>Registo comercial<\/h4>\n\t\t\t\t\t\t\t\t\t\t\t\t<\/div>\n\t\t\t\t\t\t\t\t\t\t\t\t<div class=\"accord-content\">\n\t\t\t\t\t\t\t\t\t\t\t\t\t<div class=\"text\">\n\t\t\t\t\t\t\t\t\t\t\t\t\t\t<p>Tribunal de Comarca de Steinfurt HRB 12144 EUID : DER2706.HRB12145<\/p>\n\t\t\t\t\t\t\t\t\t\t\t\t\t<\/div>\n\t\t\t\t\t\t\t\t\t\t\t\t<\/div>\n\t\t\t\t\t\t\t\t\t\t\t<\/li>\n\t\t\t\t\t\t\t\t\t\t\t<!--End single accordion box-->\n\t\t\t\t\t\t\t\t\t\t\t\t\t\t\t\n\t\t\t\t\t\t\t\t\t\t\t<!--Start single accordion box-->\n\t\t\t\t\t\t\t\t\t\t\t<li class=\"accordion accordion-block\">\n\t\t\t\t\t\t\t\t\t\t\t\t<div class=\"accord-btn\">\n\t\t\t\t\t\t\t\t\t\t\t\t\t<h4>Sede social<\/h4>\n\t\t\t\t\t\t\t\t\t\t\t\t<\/div>\n\t\t\t\t\t\t\t\t\t\t\t\t<div class=\"accord-content\">\n\t\t\t\t\t\t\t\t\t\t\t\t\t<div class=\"text\">\n\t\t\t\t\t\t\t\t\t\t\t\t\t\t<p>Hatzenb\u00fchler Str. 6, 76751, Jockgrim, Alemanha.<\/p>\n\t\t\t\t\t\t\t\t\t\t\t\t\t<\/div>\n\t\t\t\t\t\t\t\t\t\t\t\t<\/div>\n\t\t\t\t\t\t\t\t\t\t\t<\/li>\n\t\t\t\t\t\t\t\t\t\t\t<!--End single accordion box-->\n\t\t\t\t\t\t\t\t\t\t\t\t\t\t\t\n\t\t\t\t\t\t\t\t\t\t\t<!--Start single accordion box-->\n\t\t\t\t\t\t\t\t\t\t\t<li class=\"accordion accordion-block\">\n\t\t\t\t\t\t\t\t\t\t\t\t<div class=\"accord-btn\">\n\t\t\t\t\t\t\t\t\t\t\t\t\t<h4>Telefone<\/h4>\n\t\t\t\t\t\t\t\t\t\t\t\t<\/div>\n\t\t\t\t\t\t\t\t\t\t\t\t<div class=\"accord-content\">\n\t\t\t\t\t\t\t\t\t\t\t\t\t<div class=\"text\">\n\t\t\t\t\t\t\t\t\t\t\t\t\t\t<p>+33 6 44663880 \/ WhatsApp +49 163 4919073<\/p>\n\t\t\t\t\t\t\t\t\t\t\t\t\t<\/div>\n\t\t\t\t\t\t\t\t\t\t\t\t<\/div>\n\t\t\t\t\t\t\t\t\t\t\t<\/li>\n\t\t\t\t\t\t\t\t\t\t\t<!--End single accordion box-->\n\t\t\t\t\t\t\t\t\t\t\t\t\t\t\t\n\t\t\t\t\t\t\t\t\t\t\t<!--Start single accordion box-->\n\t\t\t\t\t\t\t\t\t\t\t<li class=\"accordion accordion-block\">\n\t\t\t\t\t\t\t\t\t\t\t\t<div class=\"accord-btn\">\n\t\t\t\t\t\t\t\t\t\t\t\t\t<h4>Correio eletr\u00f3nico<\/h4>\n\t\t\t\t\t\t\t\t\t\t\t\t<\/div>\n\t\t\t\t\t\t\t\t\t\t\t\t<div class=\"accord-content\">\n\t\t\t\t\t\t\t\t\t\t\t\t\t<div class=\"text\">\n\t\t\t\t\t\t\t\t\t\t\t\t\t\t<p>automobileexportaucasion@mail.com \/ contact@autogfgmbh.com<\/p>\n\t\t\t\t\t\t\t\t\t\t\t\t\t<\/div>\n\t\t\t\t\t\t\t\t\t\t\t\t<\/div>\n\t\t\t\t\t\t\t\t\t\t\t<\/li>\n\t\t\t\t\t\t\t\t\t\t\t<!--End single accordion box-->\n\t\t\t\t\t\t\t\t\t\t\t\t\t\t\t\t\t\t\t\t\t<\/ul>\n\t\t\t\t\t\t\t\t\t<\/div>\n\t\t\t\t\t\t\t\t<\/div>\n\t\t\t\t\t\t\t<\/div>\n\t\t\t\t\t\t\t<!--End Tab-->\n\t\t\t\t\t\t\t\t\t\t\t\t\t\t\t\t\t\t\t\t<\/div>\n\t\t\t\t\t<\/div>\n\n\t\t\t\t<\/div>\n\t\t\t<\/div>\n\t\t<\/div>\n\t<\/section>\n\t<!--End Faq Page One-->\t\n\n\n   \t\t\t\t\t<\/div>\n\t\t\t\t<\/div>\n\t\t\t\t<\/div>\n\t\t\t\t<\/div>","protected":false},"excerpt":{"rendered":"<p>Mentions L\u00e9gales Vous avez une question en t\u00eate? automobileexportaucasion@mail.com Q1. How are you different from other driving schools? The wise man therefore always holds in these matters to this principle of selection rejects pleasures to secure other greater pleasures. Q2. Can I learn driving in my own car? The wise man therefore always holds in [&hellip;]<\/p>","protected":false},"author":1,"featured_media":0,"parent":0,"menu_order":0,"comment_status":"closed","ping_status":"closed","template":"tpl-default-elementor.php","meta":{"footnotes":""},"class_list":["post-41","page","type-page","status-publish","hentry"],"_links":{"self":[{"href":"https:\/\/autogfgmbh.com\/pt\/wp-json\/wp\/v2\/pages\/41","targetHints":{"allow":["GET"]}}],"collection":[{"href":"https:\/\/autogfgmbh.com\/pt\/wp-json\/wp\/v2\/pages"}],"about":[{"href":"https:\/\/autogfgmbh.com\/pt\/wp-json\/wp\/v2\/types\/page"}],"author":[{"embeddable":true,"href":"https:\/\/autogfgmbh.com\/pt\/wp-json\/wp\/v2\/users\/1"}],"replies":[{"embeddable":true,"href":"https:\/\/autogfgmbh.com\/pt\/wp-json\/wp\/v2\/comments?post=41"}],"version-history":[{"count":4,"href":"https:\/\/autogfgmbh.com\/pt\/wp-json\/wp\/v2\/pages\/41\/revisions"}],"predecessor-version":[{"id":3567,"href":"https:\/\/autogfgmbh.com\/pt\/wp-json\/wp\/v2\/pages\/41\/revisions\/3567"}],"wp:attachment":[{"href":"https:\/\/autogfgmbh.com\/pt\/wp-json\/wp\/v2\/media?parent=41"}],"curies":[{"name":"wp","href":"https:\/\/api.w.org\/{rel}","templated":true}]}}