{"id":36,"date":"2024-09-11T18:26:00","date_gmt":"2024-09-11T18:26:00","guid":{"rendered":"https:\/\/sept.hostlin.com\/newwp\/drivemaster\/?page_id=36"},"modified":"2025-09-08T07:24:36","modified_gmt":"2025-09-08T07:24:36","slug":"avis","status":"publish","type":"page","link":"https:\/\/autogfgmbh.com\/pt\/avis\/","title":{"rendered":"Opini\u00e3o"},"content":{"rendered":"<div data-elementor-type=\"wp-page\" data-elementor-id=\"36\" class=\"elementor elementor-36\">\n\t\t\t\t<div class=\"elementor-element elementor-element-3d4aa20 e-flex e-con-boxed e-con e-parent\" data-id=\"3d4aa20\" data-element_type=\"container\" data-settings=\"{&quot;background_background&quot;:&quot;gradient&quot;}\">\n\t\t\t\t\t<div class=\"e-con-inner\">\n\t\t\t\t<div class=\"elementor-element elementor-element-01d76b3 elementor-widget elementor-widget-drivemaster_testimonial_grid\" data-id=\"01d76b3\" data-element_type=\"widget\" data-widget_type=\"drivemaster_testimonial_grid.default\">\n\t\t\t\t<div class=\"elementor-widget-container\">\n\t\t\t\t\t        \n       \n\n        <div class=\"drivemaster-testimonial\">\n\t\t\t<div class=\"row\">\n\t\t\t\t\t\t\t\t<!--Start Single Testimonial Style1-->\n\t\t\t\t<div class=\"col-lg-6 col-md-6 col-sm-12\">\n\t\t\t\t\t<div class=\"single-testimonial-style1 single-testimonial-style1--style2\">\n\t\t\t\t\t\t<div class=\"single-testimonial-style1__inner\">\n\t\t\t\t\t\t\t<div class=\"single-testimonial-style1__quote\">\n\t\t\t\t\t\t\t\t<img decoding=\"async\" src=\"https:\/\/autogfgmbh.com\/wp-content\/themes\/drivemaster\/assets\/images\/shapes\/testimonial-v1-shape1.png\" alt=\"GF Automobile GMBH\">\n\t\t\t\t\t\t\t<\/div>\n\t\t\t\t\t\t\t<div class=\"arrow-down\"><\/div>\n\t\t\t\t\t\t\t<div class=\"single-testimonial-style1__top\">\n\t\t\t\t\t\t\t\t<div class=\"title\">\n\t\t\t\t\t\t\t\t\t<h3>Muito satisfeito com a minha compra<\/h3>\n\t\t\t\t\t\t\t\t<\/div>\n\t\t\t\t\t\t\t<\/div>\n\t\t\t\t\t\t\t<div class=\"border-line\"><\/div>\n\t\t\t\t\t\t\t<div class=\"single-testimonial-style1__bottom\">\n\t\t\t\t\t\t\t\t<div class=\"single-testimonial-style1__img\">\n\t\t\t\t\t\t\t\t\t\t\t\t\t\t\t\t\t\t<div class=\"inner\">\n\t\t\t\t\t\t\t\t\t\t<img decoding=\"async\" width=\"120\" height=\"120\" src=\"https:\/\/autogfgmbh.com\/wp-content\/uploads\/2024\/10\/testimonial-v1-6.jpg\" class=\"attachment-drivemaster_120x120 size-drivemaster_120x120 wp-post-image\" alt=\"\" srcset=\"https:\/\/autogfgmbh.com\/wp-content\/uploads\/2024\/10\/testimonial-v1-6.jpg 120w, https:\/\/autogfgmbh.com\/wp-content\/uploads\/2024\/10\/testimonial-v1-6-70x70.jpg 70w\" sizes=\"(max-width: 120px) 100vw, 120px\" \/>\t\t\t\t\t\t\t\t\t<\/div>\n\t\t\t\t\t\t\t\t\t\t\t\t\t\t\t\t\t\t\t\t\t\t\t\t\t\t\t<div class=\"rating-box\">\n\t\t\t\t\t\t\t\t\t\t<div class=\"icon\">\n\t\t\t\t\t\t\t\t\t\t\t<i class=\"icon-star\"><\/i>\n\t\t\t\t\t\t\t\t\t\t<\/div>\n\t\t\t\t\t\t\t\t\t\t<p>4.2<\/p>\n\t\t\t\t\t\t\t\t\t<\/div>\n\t\t\t\t\t\t\t\t\t\t\t\t\t\t\t\t\t<\/div>\n\t\t\t\t\t\t\t\t<div class=\"single-testimonial-style1__text\">\n\t\t\t\t\t\t\t\t\t<p>Muito satisfeito com a minha segunda compra, entrega do ve\u00edculo em Rennes como pedi, voc\u00eas s\u00e3o os melhores. Recomendo-vos.<\/p>\n\t\t\t\t\t\t\t\t<\/div>\n\t\t\t\t\t\t\t<\/div>\n\t\t\t\t\t\t<\/div>\n\t\t\t\t\t\t<div class=\"single-testimonial-style1__leaner-box\">\n\t\t\t\t\t\t\t<h3>Nathan Felix, <span>Cliente Mini Cooper<\/span><\/h3>\n\t\t\t\t\t\t<\/div>\n\t\t\t\t\t<\/div>\n\t\t\t\t<\/div>\n\t\t\t\t<!--End Single Testimonial Style1-->\n\t\t\t\t\t\t\t\t<!--Start Single Testimonial Style1-->\n\t\t\t\t<div class=\"col-lg-6 col-md-6 col-sm-12\">\n\t\t\t\t\t<div class=\"single-testimonial-style1 single-testimonial-style1--style2\">\n\t\t\t\t\t\t<div class=\"single-testimonial-style1__inner\">\n\t\t\t\t\t\t\t<div class=\"single-testimonial-style1__quote\">\n\t\t\t\t\t\t\t\t<img decoding=\"async\" src=\"https:\/\/autogfgmbh.com\/wp-content\/themes\/drivemaster\/assets\/images\/shapes\/testimonial-v1-shape1.png\" alt=\"GF Automobile GMBH\">\n\t\t\t\t\t\t\t<\/div>\n\t\t\t\t\t\t\t<div class=\"arrow-down\"><\/div>\n\t\t\t\t\t\t\t<div class=\"single-testimonial-style1__top\">\n\t\t\t\t\t\t\t\t<div class=\"title\">\n\t\t\t\t\t\t\t\t\t<h3>Entrega perfeita<\/h3>\n\t\t\t\t\t\t\t\t<\/div>\n\t\t\t\t\t\t\t<\/div>\n\t\t\t\t\t\t\t<div class=\"border-line\"><\/div>\n\t\t\t\t\t\t\t<div class=\"single-testimonial-style1__bottom\">\n\t\t\t\t\t\t\t\t<div class=\"single-testimonial-style1__img\">\n\t\t\t\t\t\t\t\t\t\t\t\t\t\t\t\t\t\t<div class=\"inner\">\n\t\t\t\t\t\t\t\t\t\t<img decoding=\"async\" width=\"120\" height=\"120\" src=\"https:\/\/autogfgmbh.com\/wp-content\/uploads\/2024\/10\/783e54c4721d2b259500decdc900de35-120x120.jpg\" class=\"attachment-drivemaster_120x120 size-drivemaster_120x120 wp-post-image\" alt=\"\" srcset=\"https:\/\/autogfgmbh.com\/wp-content\/uploads\/2024\/10\/783e54c4721d2b259500decdc900de35-120x120.jpg 120w, https:\/\/autogfgmbh.com\/wp-content\/uploads\/2024\/10\/783e54c4721d2b259500decdc900de35-300x300.jpg 300w, https:\/\/autogfgmbh.com\/wp-content\/uploads\/2024\/10\/783e54c4721d2b259500decdc900de35-150x150.jpg 150w, https:\/\/autogfgmbh.com\/wp-content\/uploads\/2024\/10\/783e54c4721d2b259500decdc900de35-170x170.jpg 170w, https:\/\/autogfgmbh.com\/wp-content\/uploads\/2024\/10\/783e54c4721d2b259500decdc900de35-340x340.jpg 340w, https:\/\/autogfgmbh.com\/wp-content\/uploads\/2024\/10\/783e54c4721d2b259500decdc900de35-270x270.jpg 270w, https:\/\/autogfgmbh.com\/wp-content\/uploads\/2024\/10\/783e54c4721d2b259500decdc900de35-70x70.jpg 70w, https:\/\/autogfgmbh.com\/wp-content\/uploads\/2024\/10\/783e54c4721d2b259500decdc900de35.jpg 500w\" sizes=\"(max-width: 120px) 100vw, 120px\" \/>\t\t\t\t\t\t\t\t\t<\/div>\n\t\t\t\t\t\t\t\t\t\t\t\t\t\t\t\t\t\t\t\t\t\t\t\t\t\t\t<div class=\"rating-box\">\n\t\t\t\t\t\t\t\t\t\t<div class=\"icon\">\n\t\t\t\t\t\t\t\t\t\t\t<i class=\"icon-star\"><\/i>\n\t\t\t\t\t\t\t\t\t\t<\/div>\n\t\t\t\t\t\t\t\t\t\t<p>5.0<\/p>\n\t\t\t\t\t\t\t\t\t<\/div>\n\t\t\t\t\t\t\t\t\t\t\t\t\t\t\t\t\t<\/div>\n\t\t\t\t\t\t\t\t<div class=\"single-testimonial-style1__text\">\n\t\t\t\t\t\t\t\t\t<p>Du premier contact \u00e0 la livraison du v\u00e9hicule, tout a \u00e9t\u00e9 parfait. Tr\u00e8s bon accueil, contrat respect\u00e9 \u00e0 la lettre et v\u00e9hicule conforme \u00e0 mes&hellip;<\/p>\n\t\t\t\t\t\t\t\t<\/div>\n\t\t\t\t\t\t\t<\/div>\n\t\t\t\t\t\t<\/div>\n\t\t\t\t\t\t<div class=\"single-testimonial-style1__leaner-box\">\n\t\t\t\t\t\t\t<h3>Sophie Pedrao, <span>Cliente Honda<\/span><\/h3>\n\t\t\t\t\t\t<\/div>\n\t\t\t\t\t<\/div>\n\t\t\t\t<\/div>\n\t\t\t\t<!--End Single Testimonial Style1-->\n\t\t\t\t\t\t\t\t<!--Start Single Testimonial Style1-->\n\t\t\t\t<div class=\"col-lg-6 col-md-6 col-sm-12\">\n\t\t\t\t\t<div class=\"single-testimonial-style1 single-testimonial-style1--style2\">\n\t\t\t\t\t\t<div class=\"single-testimonial-style1__inner\">\n\t\t\t\t\t\t\t<div class=\"single-testimonial-style1__quote\">\n\t\t\t\t\t\t\t\t<img decoding=\"async\" src=\"https:\/\/autogfgmbh.com\/wp-content\/themes\/drivemaster\/assets\/images\/shapes\/testimonial-v1-shape1.png\" alt=\"GF Automobile GMBH\">\n\t\t\t\t\t\t\t<\/div>\n\t\t\t\t\t\t\t<div class=\"arrow-down\"><\/div>\n\t\t\t\t\t\t\t<div class=\"single-testimonial-style1__top\">\n\t\t\t\t\t\t\t\t<div class=\"title\">\n\t\t\t\t\t\t\t\t\t<h3>Tudo correu bem<\/h3>\n\t\t\t\t\t\t\t\t<\/div>\n\t\t\t\t\t\t\t<\/div>\n\t\t\t\t\t\t\t<div class=\"border-line\"><\/div>\n\t\t\t\t\t\t\t<div class=\"single-testimonial-style1__bottom\">\n\t\t\t\t\t\t\t\t<div class=\"single-testimonial-style1__img\">\n\t\t\t\t\t\t\t\t\t\t\t\t\t\t\t\t\t\t<div class=\"inner\">\n\t\t\t\t\t\t\t\t\t\t<img decoding=\"async\" width=\"120\" height=\"120\" src=\"https:\/\/autogfgmbh.com\/wp-content\/uploads\/2024\/10\/c4b09a579553d6f9afd115ffcc299b66-120x120.jpg\" class=\"attachment-drivemaster_120x120 size-drivemaster_120x120 wp-post-image\" alt=\"\" srcset=\"https:\/\/autogfgmbh.com\/wp-content\/uploads\/2024\/10\/c4b09a579553d6f9afd115ffcc299b66-120x120.jpg 120w, https:\/\/autogfgmbh.com\/wp-content\/uploads\/2024\/10\/c4b09a579553d6f9afd115ffcc299b66-300x300.jpg 300w, https:\/\/autogfgmbh.com\/wp-content\/uploads\/2024\/10\/c4b09a579553d6f9afd115ffcc299b66-150x150.jpg 150w, https:\/\/autogfgmbh.com\/wp-content\/uploads\/2024\/10\/c4b09a579553d6f9afd115ffcc299b66-170x170.jpg 170w, https:\/\/autogfgmbh.com\/wp-content\/uploads\/2024\/10\/c4b09a579553d6f9afd115ffcc299b66-340x340.jpg 340w, https:\/\/autogfgmbh.com\/wp-content\/uploads\/2024\/10\/c4b09a579553d6f9afd115ffcc299b66-270x270.jpg 270w, https:\/\/autogfgmbh.com\/wp-content\/uploads\/2024\/10\/c4b09a579553d6f9afd115ffcc299b66-70x70.jpg 70w, https:\/\/autogfgmbh.com\/wp-content\/uploads\/2024\/10\/c4b09a579553d6f9afd115ffcc299b66.jpg 500w\" sizes=\"(max-width: 120px) 100vw, 120px\" \/>\t\t\t\t\t\t\t\t\t<\/div>\n\t\t\t\t\t\t\t\t\t\t\t\t\t\t\t\t\t\t\t\t\t\t\t\t\t\t\t<div class=\"rating-box\">\n\t\t\t\t\t\t\t\t\t\t<div class=\"icon\">\n\t\t\t\t\t\t\t\t\t\t\t<i class=\"icon-star\"><\/i>\n\t\t\t\t\t\t\t\t\t\t<\/div>\n\t\t\t\t\t\t\t\t\t\t<p>4.9<\/p>\n\t\t\t\t\t\t\t\t\t<\/div>\n\t\t\t\t\t\t\t\t\t\t\t\t\t\t\t\t\t<\/div>\n\t\t\t\t\t\t\t\t<div class=\"single-testimonial-style1__text\">\n\t\t\t\t\t\t\t\t\t<p>Tout s'est pass\u00e9 comme pr\u00e9vu et j'ai eu ma voiture \u00e0 un tarif tr\u00e8s int\u00e9ressant. La livraison s'est faite avant la date pr\u00e9vue, mais tout&hellip;<\/p>\n\t\t\t\t\t\t\t\t<\/div>\n\t\t\t\t\t\t\t<\/div>\n\t\t\t\t\t\t<\/div>\n\t\t\t\t\t\t<div class=\"single-testimonial-style1__leaner-box\">\n\t\t\t\t\t\t\t<h3>Marie Paule Forel, <span>Cliente<\/span><\/h3>\n\t\t\t\t\t\t<\/div>\n\t\t\t\t\t<\/div>\n\t\t\t\t<\/div>\n\t\t\t\t<!--End Single Testimonial Style1-->\n\t\t\t\t\t\t\t<\/div>\n\t\t<\/div>\n\n\n        \t\t\t\t<\/div>\n\t\t\t\t<\/div>\n\t\t\t\t\t<\/div>\n\t\t\t\t<\/div>\n\t\t\t\t<\/div>","protected":false},"excerpt":{"rendered":"<p>Excellent Instructors 4.5 Enrolling in Drive Master was the best decision I made for my driving education. The instructors were friendly &amp; dedicated to helping me succeed. P.Gallagher, Accountant Highly Recommended! 5.0 As an adult learner, I was apprehensive about learning to drive, but Drive Master put my mind at ease. The instructors were supportive [&hellip;]<\/p>","protected":false},"author":1,"featured_media":0,"parent":0,"menu_order":0,"comment_status":"closed","ping_status":"closed","template":"tpl-default-elementor.php","meta":{"footnotes":""},"class_list":["post-36","page","type-page","status-publish","hentry"],"_links":{"self":[{"href":"https:\/\/autogfgmbh.com\/pt\/wp-json\/wp\/v2\/pages\/36","targetHints":{"allow":["GET"]}}],"collection":[{"href":"https:\/\/autogfgmbh.com\/pt\/wp-json\/wp\/v2\/pages"}],"about":[{"href":"https:\/\/autogfgmbh.com\/pt\/wp-json\/wp\/v2\/types\/page"}],"author":[{"embeddable":true,"href":"https:\/\/autogfgmbh.com\/pt\/wp-json\/wp\/v2\/users\/1"}],"replies":[{"embeddable":true,"href":"https:\/\/autogfgmbh.com\/pt\/wp-json\/wp\/v2\/comments?post=36"}],"version-history":[{"count":4,"href":"https:\/\/autogfgmbh.com\/pt\/wp-json\/wp\/v2\/pages\/36\/revisions"}],"predecessor-version":[{"id":3538,"href":"https:\/\/autogfgmbh.com\/pt\/wp-json\/wp\/v2\/pages\/36\/revisions\/3538"}],"wp:attachment":[{"href":"https:\/\/autogfgmbh.com\/pt\/wp-json\/wp\/v2\/media?parent=36"}],"curies":[{"name":"wp","href":"https:\/\/api.w.org\/{rel}","templated":true}]}}